{"id":41,"date":"2018-09-19T07:42:43","date_gmt":"2018-09-19T07:42:43","guid":{"rendered":"http:\/\/salaskisan.rs\/?page_id=41"},"modified":"2018-11-29T05:40:55","modified_gmt":"2018-11-29T05:40:55","slug":"pocetna","status":"publish","type":"page","link":"https:\/\/salaskisan.rs\/","title":{"rendered":"Po\u010detna"},"content":{"rendered":"<p>[vc_row][vc_column][vc_text_separator title=&#8221;Dobro Do\u0161li na internet prezentaciju destilerije Na Plac&#8221;][vc_column_text]<img loading=\"lazy\" class=\"aligncenter wp-image-88 size-full\" title=\"Salaski San Dunja Krusk Kajsija Rakija\" src=\"http:\/\/salaskisan.rs\/wp-content\/uploads\/2018\/09\/Mala-slika-1.png\" alt=\"\" width=\"600\" height=\"400\" srcset=\"https:\/\/salaskisan.rs\/wp-content\/uploads\/2018\/09\/Mala-slika-1.png 600w, https:\/\/salaskisan.rs\/wp-content\/uploads\/2018\/09\/Mala-slika-1-300x200.png 300w\" sizes=\"(max-width: 600px) 100vw, 600px\" \/>[\/vc_column_text][vc_column_text]Destilerija se nalazi nadomak Pan\u010deva, 30km od Beograda u mestu Crepaja.[\/vc_column_text][\/vc_column][\/vc_row][vc_row][vc_column][vc_tta_tabs active_section=&#8221;1&#8243; title=&#8221;Na\u0161i proizvodi&#8221;][vc_tta_section title=&#8221;Dunja&#8221; tab_id=&#8221;1538201321119-52086e15-29b7&#8243;][vc_column_text]<img loading=\"lazy\" class=\"alignnone size-medium wp-image-80\" src=\"http:\/\/salaskisan.rs\/wp-content\/uploads\/2018\/09\/IMG-b729567a93d40269b92c58953520a87a-V-300x271.jpg\" alt=\"\" width=\"300\" height=\"271\" srcset=\"https:\/\/salaskisan.rs\/wp-content\/uploads\/2018\/09\/IMG-b729567a93d40269b92c58953520a87a-V-300x271.jpg 300w, https:\/\/salaskisan.rs\/wp-content\/uploads\/2018\/09\/IMG-b729567a93d40269b92c58953520a87a-V.jpg 532w\" sizes=\"(max-width: 300px) 100vw, 300px\" \/>[\/vc_column_text][\/vc_tta_section][vc_tta_section title=&#8221;Kajsija&#8221; tab_id=&#8221;1538201321131-75f980ce-64ee&#8221;][vc_column_text]<img loading=\"lazy\" class=\"alignnone size-medium wp-image-86\" src=\"http:\/\/salaskisan.rs\/wp-content\/uploads\/2018\/09\/IMG-809d657aef5ec4086e9ab3d17d15cb79-V-300x271.jpg\" alt=\"\" width=\"300\" height=\"271\" srcset=\"https:\/\/salaskisan.rs\/wp-content\/uploads\/2018\/09\/IMG-809d657aef5ec4086e9ab3d17d15cb79-V-300x271.jpg 300w, https:\/\/salaskisan.rs\/wp-content\/uploads\/2018\/09\/IMG-809d657aef5ec4086e9ab3d17d15cb79-V.jpg 531w\" sizes=\"(max-width: 300px) 100vw, 300px\" \/>[\/vc_column_text][\/vc_tta_section][vc_tta_section title=&#8221;Kru\u0161ka&#8221; tab_id=&#8221;1538201323162-d42a68b0-31c5&#8243;][vc_column_text]<img loading=\"lazy\" class=\"alignnone size-medium wp-image-82\" src=\"http:\/\/salaskisan.rs\/wp-content\/uploads\/2018\/09\/IMG-17963d40c7d7ccea93fde0726790ef12-V-300x270.jpg\" alt=\"\" width=\"300\" height=\"270\" srcset=\"https:\/\/salaskisan.rs\/wp-content\/uploads\/2018\/09\/IMG-17963d40c7d7ccea93fde0726790ef12-V-300x270.jpg 300w, https:\/\/salaskisan.rs\/wp-content\/uploads\/2018\/09\/IMG-17963d40c7d7ccea93fde0726790ef12-V.jpg 534w\" sizes=\"(max-width: 300px) 100vw, 300px\" \/>[\/vc_column_text][\/vc_tta_section][vc_tta_section title=&#8221;\u0160ljiva&#8221; tab_id=&#8221;1538201324111-1eb74384-324f&#8221;][vc_column_text]<img loading=\"lazy\" class=\"alignnone size-medium wp-image-84\" src=\"http:\/\/salaskisan.rs\/wp-content\/uploads\/2018\/09\/IMG-d7d494f46f2544740890b975e30d7666-V-300x271.jpg\" alt=\"\" width=\"300\" height=\"271\" srcset=\"https:\/\/salaskisan.rs\/wp-content\/uploads\/2018\/09\/IMG-d7d494f46f2544740890b975e30d7666-V-300x271.jpg 300w, https:\/\/salaskisan.rs\/wp-content\/uploads\/2018\/09\/IMG-d7d494f46f2544740890b975e30d7666-V.jpg 532w\" sizes=\"(max-width: 300px) 100vw, 300px\" \/>[\/vc_column_text][\/vc_tta_section][\/vc_tta_tabs][\/vc_column][\/vc_row][vc_row][vc_column][vc_text_separator title=&#8221;Kako mi to proizvodimo?&#8221;][vc_column_text]<img loading=\"lazy\" class=\"alignleft wp-image-96\" src=\"http:\/\/salaskisan.rs\/wp-content\/uploads\/2018\/09\/1IMG-7095837c41f06ee945ff018afe3d8d3b-V-146x300.jpg\" alt=\"\" width=\"59\" height=\"122\" srcset=\"https:\/\/salaskisan.rs\/wp-content\/uploads\/2018\/09\/1IMG-7095837c41f06ee945ff018afe3d8d3b-V-146x300.jpg 146w, https:\/\/salaskisan.rs\/wp-content\/uploads\/2018\/09\/1IMG-7095837c41f06ee945ff018afe3d8d3b-V.jpg 400w\" sizes=\"(max-width: 59px) 100vw, 59px\" \/>Plod dunje ubiramo sa sopstvenih planta\u017ea koje pro\u0161irujemo svake godine. Sadimo nove zasade, a stare negujemo i vodimo ra\u010duna o za\u0161titi stabala tako da plod ubiramo u tehnolo\u0161koj zrelosti.<\/p>\n<p>[\/vc_column_text][vc_column_text]<img loading=\"lazy\" class=\"alignright wp-image-97 size-medium\" src=\"http:\/\/salaskisan.rs\/wp-content\/uploads\/2018\/09\/2-DSC_5993-300x200.jpg\" alt=\"\" width=\"300\" height=\"200\" srcset=\"https:\/\/salaskisan.rs\/wp-content\/uploads\/2018\/09\/2-DSC_5993-300x200.jpg 300w, https:\/\/salaskisan.rs\/wp-content\/uploads\/2018\/09\/2-DSC_5993.jpg 600w\" sizes=\"(max-width: 300px) 100vw, 300px\" \/>Priprema vo\u0107a se obavlja u adekvatnim sudovima uglavnom od inoksa. Iz ko\u0161tunjavog vo\u0107a obavezno je odstranjivanje ko\u0161tice i pasiranje, a iz jabu\u010dastog va\u0111enje semenke i tako\u0111e pasiranje. Tako ispasirano vo\u0107e se odla\u017ee u prohromske sudove koji se nalazi u prostoriji gde se odr\u017eava potrebna temperatura za adekvatno vrenje.[\/vc_column_text][vc_column_text]Nakon zavr\u0161ene fermentacije zatvorenim kanalima za transport komina dolazi do kazana za destilaciju. Kazani su napravljeni na stari tradicionalni na\u010din, ali u svom procesu imaju deflegmator za odvajanje metil alkohola. Energiju kojom posti\u017eemo zagrevanje kazana dobijamo od \u010dvrstog i plinskog goriva .<\/p>\n<p><img loading=\"lazy\" class=\"alignleft wp-image-99 size-medium\" src=\"http:\/\/salaskisan.rs\/wp-content\/uploads\/2018\/09\/3-IMG-1e0560cca446e4c060783ef43a548145-V-300x188.jpg\" alt=\"\" width=\"300\" height=\"188\" srcset=\"https:\/\/salaskisan.rs\/wp-content\/uploads\/2018\/09\/3-IMG-1e0560cca446e4c060783ef43a548145-V-300x188.jpg 300w, https:\/\/salaskisan.rs\/wp-content\/uploads\/2018\/09\/3-IMG-1e0560cca446e4c060783ef43a548145-V.jpg 600w\" sizes=\"(max-width: 300px) 100vw, 300px\" \/> <img loading=\"lazy\" class=\"alignnone size-medium wp-image-98\" src=\"http:\/\/salaskisan.rs\/wp-content\/uploads\/2018\/09\/3-3-IMG-92d7669f64a6a6899947dfb56e903804-V-300x167.jpg\" alt=\"\" width=\"300\" height=\"167\" srcset=\"https:\/\/salaskisan.rs\/wp-content\/uploads\/2018\/09\/3-3-IMG-92d7669f64a6a6899947dfb56e903804-V-300x167.jpg 300w, https:\/\/salaskisan.rs\/wp-content\/uploads\/2018\/09\/3-3-IMG-92d7669f64a6a6899947dfb56e903804-V.jpg 600w\" sizes=\"(max-width: 300px) 100vw, 300px\" \/><\/p>\n<p>[\/vc_column_text][vc_column_text]Zavr\u0161etkom destilacije destilat mora odle\u017eati u prohromskim buradima ili prohromskim cisternama minimum 6 meseci. Posle odle\u017eavanja destilata automatskim pumpama, tako\u0111e zatvorenom linijom destilat preta\u010demo u komoru na -12 stepeni na dvodnevnu stabilizaciju.<\/p>\n<p><img loading=\"lazy\" class=\"alignnone size-medium wp-image-100\" src=\"http:\/\/salaskisan.rs\/wp-content\/uploads\/2018\/09\/4-DSC_5753-300x166.jpg\" alt=\"\" width=\"300\" height=\"166\" srcset=\"https:\/\/salaskisan.rs\/wp-content\/uploads\/2018\/09\/4-DSC_5753-300x166.jpg 300w, https:\/\/salaskisan.rs\/wp-content\/uploads\/2018\/09\/4-DSC_5753.jpg 600w\" sizes=\"(max-width: 300px) 100vw, 300px\" \/>[\/vc_column_text][vc_column_text]Fla\u0161iranje rakije se odra\u0111uje nakon stabilizacije i filtriranja u dve razli\u010dite ambala\u017ee. Ambala\u017ea namenjena za izvoz i ambala\u017ee namenjene za doma\u0107e tr\u017ei\u0161te.<\/p>\n<p><img loading=\"lazy\" class=\"aligncenter wp-image-103 size-full\" src=\"http:\/\/salaskisan.rs\/wp-content\/uploads\/2018\/09\/5-DSC_5785.jpg\" alt=\"\" width=\"600\" height=\"400\" srcset=\"https:\/\/salaskisan.rs\/wp-content\/uploads\/2018\/09\/5-DSC_5785.jpg 600w, https:\/\/salaskisan.rs\/wp-content\/uploads\/2018\/09\/5-DSC_5785-300x200.jpg 300w\" sizes=\"(max-width: 600px) 100vw, 600px\" \/>[\/vc_column_text][\/vc_column][\/vc_row][vc_row][vc_column][vc_text_separator title=&#8221;Dobro do\u0161li u na\u0161 prostor za degustaciju.&#8221;][vc_column_text]<img loading=\"lazy\" class=\"size-medium wp-image-104 alignleft\" src=\"http:\/\/salaskisan.rs\/wp-content\/uploads\/2018\/09\/IMG-4dd287c91914d830be4e2631ed173590-V-225x300.jpg\" alt=\"\" width=\"225\" height=\"300\" srcset=\"https:\/\/salaskisan.rs\/wp-content\/uploads\/2018\/09\/IMG-4dd287c91914d830be4e2631ed173590-V-225x300.jpg 225w, https:\/\/salaskisan.rs\/wp-content\/uploads\/2018\/09\/IMG-4dd287c91914d830be4e2631ed173590-V.jpg 600w\" sizes=\"(max-width: 225px) 100vw, 225px\" \/>\u00a0 <img loading=\"lazy\" class=\"alignleft wp-image-102 size-medium\" src=\"http:\/\/salaskisan.rs\/wp-content\/uploads\/2018\/09\/5-5-DSC_5788-300x200.jpg\" alt=\"\" width=\"300\" height=\"200\" srcset=\"https:\/\/salaskisan.rs\/wp-content\/uploads\/2018\/09\/5-5-DSC_5788-300x200.jpg 300w, https:\/\/salaskisan.rs\/wp-content\/uploads\/2018\/09\/5-5-DSC_5788.jpg 600w\" sizes=\"(max-width: 300px) 100vw, 300px\" \/>[\/vc_column_text][\/vc_column][\/vc_row][vc_row][vc_column][vc_text_separator title=&#8221;Kontakt forma&#8221;][\/vc_column][\/vc_row][vc_row][vc_column width=&#8221;1\/2&#8243;]<div role=\"form\" class=\"wpcf7\" id=\"wpcf7-f61-o1\" lang=\"en-US\" dir=\"ltr\">\n<div class=\"screen-reader-response\"><p role=\"status\" aria-live=\"polite\" aria-atomic=\"true\"><\/p> <ul><\/ul><\/div>\n<form action=\"\/index.php\/wp-json\/wp\/v2\/pages\/41#wpcf7-f61-o1\" method=\"post\" class=\"wpcf7-form init\" novalidate=\"novalidate\" data-status=\"init\">\n<div style=\"display: none;\">\n<input type=\"hidden\" name=\"_wpcf7\" value=\"61\" \/>\n<input type=\"hidden\" name=\"_wpcf7_version\" value=\"5.5.6\" \/>\n<input type=\"hidden\" name=\"_wpcf7_locale\" value=\"en_US\" \/>\n<input type=\"hidden\" name=\"_wpcf7_unit_tag\" value=\"wpcf7-f61-o1\" \/>\n<input type=\"hidden\" name=\"_wpcf7_container_post\" value=\"0\" \/>\n<input type=\"hidden\" name=\"_wpcf7_posted_data_hash\" value=\"\" \/>\n<\/div>\n<p><label> Va\u0161e ime (obavezno polje)<br \/>\n    <span class=\"wpcf7-form-control-wrap your-name\"><input type=\"text\" name=\"your-name\" value=\"\" size=\"40\" class=\"wpcf7-form-control wpcf7-text wpcf7-validates-as-required\" aria-required=\"true\" aria-invalid=\"false\" \/><\/span> <\/label><\/p>\n<p><label> Va\u0161a Email adresa (obavezno polje)<br \/>\n    <span class=\"wpcf7-form-control-wrap your-email\"><input type=\"email\" name=\"your-email\" value=\"\" size=\"40\" class=\"wpcf7-form-control wpcf7-text wpcf7-email wpcf7-validates-as-required wpcf7-validates-as-email\" aria-required=\"true\" aria-invalid=\"false\" \/><\/span> <\/label><\/p>\n<p><label> Naslov poruke<br \/>\n    <span class=\"wpcf7-form-control-wrap your-subject\"><input type=\"text\" name=\"your-subject\" value=\"\" size=\"40\" class=\"wpcf7-form-control wpcf7-text\" aria-invalid=\"false\" \/><\/span> <\/label><\/p>\n<p><label> Tekst poruke<br \/>\n    <span class=\"wpcf7-form-control-wrap your-message\"><textarea name=\"your-message\" cols=\"40\" rows=\"10\" class=\"wpcf7-form-control wpcf7-textarea\" aria-invalid=\"false\"><\/textarea><\/span> <\/label><\/p>\n<p><input type=\"submit\" value=\"Po\u0161alji\" class=\"wpcf7-form-control has-spinner wpcf7-submit\" \/><\/p>\n<div class=\"wpcf7-response-output\" aria-hidden=\"true\"><\/div><\/form><\/div>[\/vc_column][vc_column width=&#8221;1\/2&#8243;][vc_gmaps link=&#8221;#E-8_JTNDaWZyYW1lJTIwc3JjJTNEJTIyaHR0cHMlM0ElMkYlMkZ3d3cuZ29vZ2xlLmNvbSUyRm1hcHMlMkZlbWJlZCUzRnBiJTNEJTIxMW0xNCUyMTFtOCUyMTFtMyUyMTFkNzA1LjIyOTc1Nzk3ODExMTclMjEyZDIwLjYzNjYzNTkzNDM4MzE0MyUyMTNkNDUuMDA2MjY2MTA1NzcwNzklMjEzbTIlMjExaTEwMjQlMjEyaTc2OCUyMTRmMTMuMSUyMTNtMyUyMTFtMiUyMTFzMHg0NzVhODVkODU5ZmIwZTg5JTI1M0EweDRhODIwNTQ0MmM4MmMwYjElMjEyek5EWENzREF3SnpJeExqZ2lUaUF5TU1Ld016Z25NVFF1T0NKRiUyMTVlMCUyMTNtMiUyMTFzZW4lMjEyc3JzJTIxNHYxNTM3MzQ0MjYxNzg2JTIyJTIwd2lkdGglM0QlMjI2MDAlMjIlMjBoZWlnaHQlM0QlMjI0NTAlMjIlMjBmcmFtZWJvcmRlciUzRCUyMjAlMjIlMjBzdHlsZSUzRCUyMmJvcmRlciUzQTAlMjIlMjBhbGxvd2Z1bGxzY3JlZW4lM0UlM0MlMkZpZnJhbWUlM0U=&#8221; css=&#8221;.vc_custom_1537344391308{background-position: center !important;background-repeat: no-repeat !important;background-size: cover !important;}&#8221;][vc_column_text]Ulica: Beogradska 12 B , Crepaja<\/p>\n<p>E mail: info@salaskisan.rs<\/p>\n<p>Mob: 066 \/ 484 &#8211; 888[\/vc_column_text][\/vc_column][\/vc_row]<\/p>\n","protected":false},"excerpt":{"rendered":"<p>[vc_row][vc_column][vc_text_separator title=&#8221;Dobro Do\u0161li na internet prezentaciju destilerije Na Plac&#8221;][vc_column_text][\/vc_column_text][vc_column_text]Destilerija se nalazi nadomak Pan\u010deva, 30km od Beograda u mestu Crepaja.[\/vc_column_text][\/vc_column][\/vc_row][vc_row][vc_column][vc_tta_tabs active_section=&#8221;1&#8243; title=&#8221;Na\u0161i proizvodi&#8221;][vc_tta_section title=&#8221;Dunja&#8221; tab_id=&#8221;1538201321119-52086e15-29b7&#8243;][vc_column_text][\/vc_column_text][\/vc_tta_section][vc_tta_section title=&#8221;Kajsija&#8221; tab_id=&#8221;1538201321131-75f980ce-64ee&#8221;][vc_column_text][\/vc_column_text][\/vc_tta_section][vc_tta_section title=&#8221;Kru\u0161ka&#8221; tab_id=&#8221;1538201323162-d42a68b0-31c5&#8243;][vc_column_text][\/vc_column_text][\/vc_tta_section][vc_tta_section title=&#8221;\u0160ljiva&#8221; tab_id=&#8221;1538201324111-1eb74384-324f&#8221;][vc_column_text][\/vc_column_text][\/vc_tta_section][\/vc_tta_tabs][\/vc_column][\/vc_row][vc_row][vc_column][vc_text_separator title=&#8221;Kako mi to proizvodimo?&#8221;][vc_column_text]Plod dunje ubiramo sa sopstvenih planta\u017ea koje pro\u0161irujemo svake godine. Sadimo nove zasade, a stare negujemo i vodimo ra\u010duna o za\u0161titi stabala &hellip; <\/p>\n<p class=\"link-more\"><a href=\"https:\/\/salaskisan.rs\/\" class=\"more-link\">Continue reading<span class=\"screen-reader-text\"> &#8220;Po\u010detna&#8221;<\/span><\/a><\/p>\n","protected":false},"author":1,"featured_media":0,"parent":0,"menu_order":0,"comment_status":"closed","ping_status":"closed","template":"","meta":[],"_links":{"self":[{"href":"https:\/\/salaskisan.rs\/index.php\/wp-json\/wp\/v2\/pages\/41"}],"collection":[{"href":"https:\/\/salaskisan.rs\/index.php\/wp-json\/wp\/v2\/pages"}],"about":[{"href":"https:\/\/salaskisan.rs\/index.php\/wp-json\/wp\/v2\/types\/page"}],"author":[{"embeddable":true,"href":"https:\/\/salaskisan.rs\/index.php\/wp-json\/wp\/v2\/users\/1"}],"replies":[{"embeddable":true,"href":"https:\/\/salaskisan.rs\/index.php\/wp-json\/wp\/v2\/comments?post=41"}],"version-history":[{"count":56,"href":"https:\/\/salaskisan.rs\/index.php\/wp-json\/wp\/v2\/pages\/41\/revisions"}],"predecessor-version":[{"id":133,"href":"https:\/\/salaskisan.rs\/index.php\/wp-json\/wp\/v2\/pages\/41\/revisions\/133"}],"wp:attachment":[{"href":"https:\/\/salaskisan.rs\/index.php\/wp-json\/wp\/v2\/media?parent=41"}],"curies":[{"name":"wp","href":"https:\/\/api.w.org\/{rel}","templated":true}]}}